{"id":6,"date":"2015-07-23T15:59:11","date_gmt":"2015-07-23T15:59:11","guid":{"rendered":"http:\/\/asocouteiro.org\/publicacoes\/?page_id=6"},"modified":"2015-07-23T16:25:21","modified_gmt":"2015-07-23T16:25:21","slug":"publicacoes-oficiais-prestacao-de-contas-asoc","status":"publish","type":"page","link":"https:\/\/asocouteiro.org\/publicacoes\/","title":{"rendered":"Presta\u00e7\u00e3o de Contas"},"content":{"rendered":"<p><img loading=\"lazy\" decoding=\"async\" class=\" size-full wp-image-19 aligncenter\" src=\"http:\/\/asocouteiro.org\/publicacoes\/wp-content\/uploads\/2015\/07\/Logo2.jpg\" alt=\"Logo2\" width=\"166\" height=\"190\" \/><\/p>\n<p style=\"text-align: justify;\">Sejam bem-vindos ao espa\u00e7o do nosso site onde, anualmente, ser\u00e3o publicadas as nossas contas oficiais.<\/p>\n<p style=\"text-align: justify;\">Poder\u00e3o consultar as publica\u00e7\u00f5es mais recentes no menu lateral esquerdo.<\/p>\n","protected":false},"excerpt":{"rendered":"<p>Sejam bem-vindos ao espa\u00e7o do nosso site onde, anualmente, ser\u00e3o publicadas as nossas contas oficiais. Poder\u00e3o consultar as publica\u00e7\u00f5es mais recentes no menu lateral esquerdo.<\/p>\n","protected":false},"author":1,"featured_media":0,"parent":0,"menu_order":0,"comment_status":"closed","ping_status":"closed","template":"","meta":{"footnotes":""},"class_list":["post-6","page","type-page","status-publish","hentry"],"_links":{"self":[{"href":"https:\/\/asocouteiro.org\/publicacoes\/wp-json\/wp\/v2\/pages\/6","targetHints":{"allow":["GET"]}}],"collection":[{"href":"https:\/\/asocouteiro.org\/publicacoes\/wp-json\/wp\/v2\/pages"}],"about":[{"href":"https:\/\/asocouteiro.org\/publicacoes\/wp-json\/wp\/v2\/types\/page"}],"author":[{"embeddable":true,"href":"https:\/\/asocouteiro.org\/publicacoes\/wp-json\/wp\/v2\/users\/1"}],"replies":[{"embeddable":true,"href":"https:\/\/asocouteiro.org\/publicacoes\/wp-json\/wp\/v2\/comments?post=6"}],"version-history":[{"count":0,"href":"https:\/\/asocouteiro.org\/publicacoes\/wp-json\/wp\/v2\/pages\/6\/revisions"}],"wp:attachment":[{"href":"https:\/\/asocouteiro.org\/publicacoes\/wp-json\/wp\/v2\/media?parent=6"}],"curies":[{"name":"wp","href":"https:\/\/api.w.org\/{rel}","templated":true}]}}